{"id":11777,"date":"2021-02-23T13:30:38","date_gmt":"2021-02-23T11:30:38","guid":{"rendered":"https:\/\/tapete.md\/?page_id=11777"},"modified":"2024-04-19T23:39:17","modified_gmt":"2024-04-19T20:39:17","slug":"contacteaza-ne","status":"publish","type":"page","link":"https:\/\/tapete.ro\/en\/contacteaza-ne\/","title":{"rendered":"Contact us"},"content":{"rendered":"<h2 class=\"wp-block-heading has-text-align-left\">Our location<\/h2>\n\n\n\n<div style=\"height:20px\" aria-hidden=\"true\" class=\"wp-block-spacer\"><\/div>\n\n\n\n<h3 class=\"wp-block-heading has-text-align-left\">Wallpaper world<\/h3>\n\n\n\n<div class=\"wp-block-columns are-vertically-aligned-center is-layout-flex wp-container-core-columns-is-layout-9d6595d7 wp-block-columns-is-layout-flex\">\n<div class=\"wp-block-column is-vertically-aligned-center is-layout-flow wp-block-column-is-layout-flow\" style=\"flex-basis:33.33%\">\n<figure class=\"wp-block-image size-large\"><img loading=\"lazy\" decoding=\"async\" width=\"164\" height=\"52\" src=\"https:\/\/tapete.ro\/wp-content\/uploads\/2021\/02\/Logo-Tapetelor.png\" alt=\"\" class=\"wp-image-11787\" srcset=\"https:\/\/tapete.ro\/wp-content\/uploads\/2021\/02\/Logo-Tapetelor.png 164w, https:\/\/tapete.ro\/wp-content\/uploads\/2021\/02\/Logo-Tapetelor-16x5.png 16w\" sizes=\"auto, (max-width: 164px) 100vw, 164px\" \/><\/figure>\n\n\n\n<p><strong>Bonny Axylen SRL<\/strong><\/p>\n\n\n\n<p>Bucuresti, Sector 1,<br>Str. Drumul Padurea Neagra 19-85, bloc.37A,etaj parter,ap.04<\/p>\n\n\n\n<p><strong>Phone:<\/strong>+40799939001 <\/p>\n\n\n\n<p><strong>Program magazin  online:<br>Monday Friday :<\/strong> 09:00 &#8211; 18:00<br><strong><strong><strong>Simba<\/strong><\/strong> :<\/strong> 09:00 &#8211; 17:00<br><strong><strong>Sunday<\/strong> : <\/strong>09:00 &#8211; 15:00<\/p>\n<\/div>\n\n\n\n<div class=\"wp-block-column is-vertically-aligned-center map_container is-layout-flow wp-block-column-is-layout-flow\" style=\"flex-basis:66.66%\">\n<iframe src=\"https:\/\/www.google.com\/maps\/embed?pb=!1m18!1m12!1m3!1d2844.130360686213!2d26.098475!3d44.5329633!2m3!1f0!2f0!3f0!3m2!1i1024!2i768!4f13.1!3m3!1m2!1s0x40b21dfc473460c5%3A0xb656b40a37387d53!2sBonny%20Axylen%20SRL!5e0!3m2!1sen!2sua!4v1709306684380!5m2!1sen!2sua\" width=\"600\" height=\"450\" style=\"border:0;\" allowfullscreen=\"\" loading=\"lazy\" referrerpolicy=\"no-referrer-when-downgrade\"><\/iframe>\n<\/div>\n<\/div>","protected":false},"excerpt":{"rendered":"<p>Loca\u021bia noastr\u0103 Lumea Tapetelor Bonny Axylen SRL Bucuresti, Sector 1,Str. Drumul Padurea Neagra 19-85, bloc.37A,etaj parter,ap.04 Telefon:+40799939001 Program magazin online:Luni-Vineri : 09:00 &#8211; 18:00S\u00eemb\u0103t\u0103 : 09:00 &#8211; 17:00Duminic\u0103 : 09:00 &#8211; 15:00<\/p>","protected":false},"author":2,"featured_media":0,"parent":0,"menu_order":0,"comment_status":"closed","ping_status":"closed","template":"","meta":{"inline_featured_image":false,"footnotes":""},"class_list":["post-11777","page","type-page","status-publish","hentry"],"jetpack_sharing_enabled":true,"_links":{"self":[{"href":"https:\/\/tapete.ro\/en\/wp-json\/wp\/v2\/pages\/11777","targetHints":{"allow":["GET"]}}],"collection":[{"href":"https:\/\/tapete.ro\/en\/wp-json\/wp\/v2\/pages"}],"about":[{"href":"https:\/\/tapete.ro\/en\/wp-json\/wp\/v2\/types\/page"}],"author":[{"embeddable":true,"href":"https:\/\/tapete.ro\/en\/wp-json\/wp\/v2\/users\/2"}],"replies":[{"embeddable":true,"href":"https:\/\/tapete.ro\/en\/wp-json\/wp\/v2\/comments?post=11777"}],"version-history":[{"count":29,"href":"https:\/\/tapete.ro\/en\/wp-json\/wp\/v2\/pages\/11777\/revisions"}],"predecessor-version":[{"id":22125,"href":"https:\/\/tapete.ro\/en\/wp-json\/wp\/v2\/pages\/11777\/revisions\/22125"}],"wp:attachment":[{"href":"https:\/\/tapete.ro\/en\/wp-json\/wp\/v2\/media?parent=11777"}],"curies":[{"name":"wp","href":"https:\/\/api.w.org\/{rel}","templated":true}]}}