{"id":11815,"date":"2021-02-23T13:54:08","date_gmt":"2021-02-23T11:54:08","guid":{"rendered":"https:\/\/tapete.md\/?page_id=11815"},"modified":"2024-04-19T23:48:10","modified_gmt":"2024-04-19T20:48:10","slug":"despre-noi","status":"publish","type":"page","link":"https:\/\/tapete.ro\/en\/despre-noi\/","title":{"rendered":"About us"},"content":{"rendered":"<h2 class=\"wp-block-heading\">About the Wallpaper World<\/h2>\n\n\n\n<p>Compania &#8221; Bonny Axylen SRL &#8221; este importator oficial autorizat de Tapete a brand-urilor Europene din Germania , Italia , Belgia, Olanda , Fran\u021ba .<\/p>\n\n\n\n<p>The proposed goods are of high quality.<\/p>\n\n\n\n<p>At favorable prices, we offer our customers a wide range of products, designed to create comfort inside homes, offices, etc.<\/p>\n\n\n\n<p>Our wallpapers are available in a wide variety of designs and colors that allow you to give free rein to your imagination.<\/p>","protected":false},"excerpt":{"rendered":"<p>Despre Lumea Tapetelor Compania &#8221; Bonny Axylen SRL &#8221; este importator oficial autorizat de Tapete a brand-urilor Europene din Germania , Italia , Belgia, Olanda , Fran\u021ba . Marfa propus\u0103 este de o calitate \u00eenalt\u0103. La pre\u021buri avantajoase , noi oferim clien\u021bilor no\u0219tri o gam\u0103 larg\u0103 de produse , destinate cre\u0103rii confortului \u00een interiorul locuin\u021belor [&hellip;]<\/p>","protected":false},"author":2,"featured_media":0,"parent":0,"menu_order":0,"comment_status":"closed","ping_status":"closed","template":"","meta":{"inline_featured_image":false,"footnotes":""},"class_list":["post-11815","page","type-page","status-publish","hentry"],"jetpack_sharing_enabled":true,"_links":{"self":[{"href":"https:\/\/tapete.ro\/en\/wp-json\/wp\/v2\/pages\/11815","targetHints":{"allow":["GET"]}}],"collection":[{"href":"https:\/\/tapete.ro\/en\/wp-json\/wp\/v2\/pages"}],"about":[{"href":"https:\/\/tapete.ro\/en\/wp-json\/wp\/v2\/types\/page"}],"author":[{"embeddable":true,"href":"https:\/\/tapete.ro\/en\/wp-json\/wp\/v2\/users\/2"}],"replies":[{"embeddable":true,"href":"https:\/\/tapete.ro\/en\/wp-json\/wp\/v2\/comments?post=11815"}],"version-history":[{"count":2,"href":"https:\/\/tapete.ro\/en\/wp-json\/wp\/v2\/pages\/11815\/revisions"}],"predecessor-version":[{"id":22128,"href":"https:\/\/tapete.ro\/en\/wp-json\/wp\/v2\/pages\/11815\/revisions\/22128"}],"wp:attachment":[{"href":"https:\/\/tapete.ro\/en\/wp-json\/wp\/v2\/media?parent=11815"}],"curies":[{"name":"wp","href":"https:\/\/api.w.org\/{rel}","templated":true}]}}