{"id":11817,"date":"2021-02-23T14:02:42","date_gmt":"2021-02-23T12:02:42","guid":{"rendered":"https:\/\/tapete.md\/?page_id=11817"},"modified":"2024-04-29T22:45:48","modified_gmt":"2024-04-29T19:45:48","slug":"livrare-produse","status":"publish","type":"page","link":"https:\/\/tapete.ro\/en\/livrare-produse\/","title":{"rendered":"Product delivery"},"content":{"rendered":"<h2 class=\"wp-block-heading\">Product delivery and return information<\/h2>\n\n\n\n<div style=\"height:20px\" aria-hidden=\"true\" class=\"wp-block-spacer\"><\/div>\n\n\n\n<h4 class=\"wp-block-heading\">Delivery in the city Bucharest<\/h4>\n\n\n\n<ul class=\"wp-block-list\">\n<li>Livrarea 70 lei in 48-72 ore de la efectuarea comenzii in or.Bucure\u0219ti;<\/li>\n\n\n\n<li>Livrarea in toat\u0103 \u021bara in decurs de 72 ore de la efectuarea comenzii;<\/li>\n<\/ul>\n\n\n\n<h4 class=\"wp-block-heading\">Repeat delivery<\/h4>\n\n\n\n<p>In cases where the buyer is not at the place of delivery at the time set in advance, or the indicated address is wrong - a repeated delivery is made for which the amount of 100 lei is paid. The same condition applies to the return of the product.<\/p>\n\n\n\n<h4 class=\"wp-block-heading\">Payment of the order<\/h4>\n\n\n\n<p>Our customers can choose one of the following payment methods:<\/p>\n\n\n\n<ul class=\"wp-block-list\">\n<li>payment on delivery in cash;<\/li>\n\n\n\n<li>payment on delivery with bank card;<\/li>\n\n\n\n<li>payment by bank transfer.<\/li>\n<\/ul>\n\n\n\n<h4 class=\"wp-block-heading\">Receiving the order<\/h4>\n\n\n\n<ul class=\"wp-block-list\">\n<li>Check the completeness of each product ordered, the correctness of the fulfillment of the accompanying documents.<\/li>\n\n\n\n<li>Check for visible damage.<\/li>\n<\/ul>\n\n\n\n<p>If a defect is detected, please contact our consultants at no. by phone: <a rel=\"nofollow\" href=\"tel:+40799939001\">+40799939001<\/a>. Vom schimba produsul defectat pe unul asem\u0103n\u0103tor sau pe un model ales de c\u0103tre Dvs sau V\u0103 vom rambursa suma achitat\u0103. Consultan\u021bii no\u0219tri V\u0103 vor explica procedura de schimb, \u0219i vor solu\u021biona problema c\u00e2t mai cur\u00e2nd posibil. Compania Bonny Axylen depune toate eforturile pentru a respecta termenul de livrare indicat pe site sau stabilit de c\u0103tre client la efectuarea comenzii; totu\u0219i, sunt posibile re\u021bineri de livrare din cauza unor circumstan\u021be neprev\u0103zute, care apar nu din vina V\u00e2nz\u0103torului.<\/p>\n\n\n\n<div style=\"height:20px\" aria-hidden=\"true\" class=\"wp-block-spacer\"><\/div>\n\n\n\n<h2 class=\"wp-block-heading\">Return of goods<\/h2>\n\n\n\n<div class=\"wp-block-columns are-vertically-aligned-center is-layout-flex wp-container-core-columns-is-layout-9d6595d7 wp-block-columns-is-layout-flex\">\n<div class=\"wp-block-column is-vertically-aligned-center is-layout-flow wp-block-column-is-layout-flow\" style=\"flex-basis:80%\">\n<p><strong>At Lumea Tapetelor, just like you bought simply, you can easily return the products. According to Law no. 105 of March 13, 2003, most products can be returned within 14 calendar days.<\/strong><\/p>\n<\/div>\n\n\n\n<div class=\"wp-block-column is-vertically-aligned-center is-layout-flow wp-block-column-is-layout-flow\" style=\"flex-basis:20%\"><div class=\"wp-block-image\">\n<figure class=\"aligncenter size-large\"><img loading=\"lazy\" decoding=\"async\" width=\"137\" height=\"150\" src=\"https:\/\/tapete.ro\/wp-content\/uploads\/2021\/02\/retur1.png\" alt=\"\" class=\"wp-image-11822\" srcset=\"https:\/\/tapete.ro\/wp-content\/uploads\/2021\/02\/retur1.png 137w, https:\/\/tapete.ro\/wp-content\/uploads\/2021\/02\/retur1-11x12.png 11w\" sizes=\"auto, (max-width: 137px) 100vw, 137px\" \/><\/figure>\n<\/div><\/div>\n<\/div>\n\n\n\n<h4 class=\"wp-block-heading\">General conditions for returning products:<\/h4>\n\n\n\n<ol class=\"wp-block-list\">\n<li>The products purchased through the Lumea Tapetelor website or the physical stores can be returned within 14 calendar days from the purchase.<\/li>\n\n\n\n<li>The products to be returned must be in the same condition as they were received, packed in their protective film, accompanied by the original label and receipt. Products that have been damaged due to improper handling by the Buyer cannot be returned.<\/li>\n<\/ol>\n\n\n\n<h4 class=\"wp-block-heading\">How can I return a product?<\/h4>\n\n\n\n<ol class=\"wp-block-list\">\n<li>To return a product, you must complete the return form.<\/li>\n\n\n\n<li>Address where you can send the products in case of return: <a href=\"https:\/\/maps.app.goo.gl\/i1Vq8LfNfZw1MvMm9\" target=\"_blank\" rel=\"noreferrer noopener nofollow nofollow\">Bonny Axylen SRL, 014044 Bucharest, Sector 1,<br>Str. Drumul P\u0103durea Neagra 19-85, block 37A, ground floor, apartment 04<\/a>.<\/li>\n\n\n\n<li>The returned products must be in perfect condition at the time of collection by LUEMA TAPETELOR, otherwise the package may be refused.<\/li>\n\n\n\n<li>After checking the products, if it is found that they are intact, within 14 calendar days, their value will be transferred to the bank account provided by the Customer.<\/li>\n<\/ol>\n\n\n\n<p class=\"has-vivid-red-color has-text-color\"><strong>CAREFUL!! We do not accept any returned product, for which the return form has not been completed.<\/strong><\/p>","protected":false},"excerpt":{"rendered":"<p>Informa\u021bii livrare \u0219i returnare a produsului Livrare \u00een or. Bucure\u0219ti Livrare repetat\u0103 \u00cen cazurile \u00een care cump\u0103r\u0103torul nu este la locul livr\u0103rii la timpul stabilit \u00een prealabil, sau adresa indicat\u0103 este gresit\u0103 \u2013 se efectueaz\u0103 livrare repetat\u0103 pentru care se achit\u0103 suma de 100 de lei. Aceea\u0219i condi\u021bie este valabil\u0103 \u0219i pentru returnarea produsului. Achitarea [&hellip;]<\/p>","protected":false},"author":2,"featured_media":0,"parent":0,"menu_order":0,"comment_status":"closed","ping_status":"closed","template":"","meta":{"inline_featured_image":false,"footnotes":""},"class_list":["post-11817","page","type-page","status-publish","hentry"],"jetpack_sharing_enabled":true,"_links":{"self":[{"href":"https:\/\/tapete.ro\/en\/wp-json\/wp\/v2\/pages\/11817","targetHints":{"allow":["GET"]}}],"collection":[{"href":"https:\/\/tapete.ro\/en\/wp-json\/wp\/v2\/pages"}],"about":[{"href":"https:\/\/tapete.ro\/en\/wp-json\/wp\/v2\/types\/page"}],"author":[{"embeddable":true,"href":"https:\/\/tapete.ro\/en\/wp-json\/wp\/v2\/users\/2"}],"replies":[{"embeddable":true,"href":"https:\/\/tapete.ro\/en\/wp-json\/wp\/v2\/comments?post=11817"}],"version-history":[{"count":19,"href":"https:\/\/tapete.ro\/en\/wp-json\/wp\/v2\/pages\/11817\/revisions"}],"predecessor-version":[{"id":22176,"href":"https:\/\/tapete.ro\/en\/wp-json\/wp\/v2\/pages\/11817\/revisions\/22176"}],"wp:attachment":[{"href":"https:\/\/tapete.ro\/en\/wp-json\/wp\/v2\/media?parent=11817"}],"curies":[{"name":"wp","href":"https:\/\/api.w.org\/{rel}","templated":true}]}}