{"id":11533,"date":"2021-01-13T13:27:20","date_gmt":"2021-01-13T11:27:20","guid":{"rendered":"https:\/\/tapete.md\/product\/390010-40-r-crema-curatatoare-pentru-maini-si-suprafete"},"modified":"2022-06-13T17:32:17","modified_gmt":"2022-06-13T14:32:17","slug":"390010-40-r-crema-curatatoare-pentru-maini-si-suprafete","status":"publish","type":"product","link":"https:\/\/tapete.ro\/en\/product\/390010-40-r-crema-curatatoare-pentru-maini-si-suprafete\/","title":{"rendered":"390010 40-R Crem\u0103 cur\u0103\u021b\u0103toare pentru m\u00e2ini \u0219i suprafe\u021be"},"content":{"rendered":"<p>Cur\u0103\u021b\u0103 cu u\u0219urin\u021b\u0103 m\u00e2inile murdare de vopsele, lacuri, clei, tencuial\u0103, gr\u0103simi, uleiuri, asfalt etc. Neutralizeaz\u0103 mirosurile nepl\u0103cute, hidrateaz\u0103 pielea, \u0219i o protejeaz\u0103 \u00eempotriva influen\u0163elor atmosferice nefavorabile.<\/p>","protected":false},"excerpt":{"rendered":"<p>Cur\u0103\u021b\u0103 cu u\u0219urin\u021b\u0103 m\u00e2inile murdare de vopsele, lacuri, clei, tencuial\u0103, gr\u0103simi, uleiuri, asfalt etc. Neutralizeaz\u0103 mirosurile nepl\u0103cute, hidrateaz\u0103 pielea, \u0219i o protejeaz\u0103 \u00eempotriva influen\u0163elor atmosferice nefavorabile.<\/p>","protected":false},"featured_media":11532,"comment_status":"open","ping_status":"closed","template":"","meta":{"inline_featured_image":false},"product_brand":[],"product_cat":[881],"product_tag":[],"class_list":{"0":"post-11533","1":"product","2":"type-product","3":"status-publish","4":"has-post-thumbnail","6":"product_cat-glutoclean","7":"brands-pufas","8":"types-produse-auxiliare","10":"first","11":"instock","12":"taxable","13":"shipping-taxable","14":"purchasable","15":"product-type-simple"},"jetpack_sharing_enabled":true,"_links":{"self":[{"href":"https:\/\/tapete.ro\/en\/wp-json\/wp\/v2\/product\/11533","targetHints":{"allow":["GET"]}}],"collection":[{"href":"https:\/\/tapete.ro\/en\/wp-json\/wp\/v2\/product"}],"about":[{"href":"https:\/\/tapete.ro\/en\/wp-json\/wp\/v2\/types\/product"}],"replies":[{"embeddable":true,"href":"https:\/\/tapete.ro\/en\/wp-json\/wp\/v2\/comments?post=11533"}],"wp:featuredmedia":[{"embeddable":true,"href":"https:\/\/tapete.ro\/en\/wp-json\/wp\/v2\/media\/11532"}],"wp:attachment":[{"href":"https:\/\/tapete.ro\/en\/wp-json\/wp\/v2\/media?parent=11533"}],"wp:term":[{"taxonomy":"product_brand","embeddable":true,"href":"https:\/\/tapete.ro\/en\/wp-json\/wp\/v2\/product_brand?post=11533"},{"taxonomy":"product_cat","embeddable":true,"href":"https:\/\/tapete.ro\/en\/wp-json\/wp\/v2\/product_cat?post=11533"},{"taxonomy":"product_tag","embeddable":true,"href":"https:\/\/tapete.ro\/en\/wp-json\/wp\/v2\/product_tag?post=11533"}],"curies":[{"name":"wp","href":"https:\/\/api.w.org\/{rel}","templated":true}]}}