{"id":11539,"date":"2021-01-13T13:27:22","date_gmt":"2021-01-13T11:27:22","guid":{"rendered":"https:\/\/tapete.md\/product\/390304-r-spray-pentru-curatarea-geamurilor-si-a-oglinzilor"},"modified":"2023-09-21T17:29:11","modified_gmt":"2023-09-21T14:29:11","slug":"390304-r-spray-pentru-curatarea-geamurilor-si-a-oglinzilor","status":"publish","type":"product","link":"https:\/\/tapete.ro\/en\/product\/390304-r-spray-pentru-curatarea-geamurilor-si-a-oglinzilor\/","title":{"rendered":"390304-R\/030402092 Solu\u021bie pentru cur\u0103\u021barea geamurilor \u0219i a oglinzilor"},"content":{"rendered":"<p>Spray pentru cur\u0103\u021bare cu o \u00eenalt\u0103 capacitate de dizolvare a gr\u0103similor \u0219i murd\u0103riei. Nu las\u0103 urme \u0219i pete. Elimin\u0103, de asemenea depunerile de murd\u0103rie mai vechi, cum ar fi pelicula de ulei \u0219i gr\u0103sime, nicotina \u0219i urmele l\u0103sate de mu\u0219te. Protejeaz\u0103 suprafa\u021ba \u00eempotriva murd\u0103ririi repetate. Creeaz\u0103 un strat anti transpirant pe geamuri \u015fi oglinzi.<\/p>","protected":false},"excerpt":{"rendered":"<p>Spray pentru cur\u0103\u021bare cu o \u00eenalt\u0103 capacitate de dizolvare a gr\u0103similor \u0219i murd\u0103riei. Nu las\u0103 urme \u0219i pete. Elimin\u0103, de asemenea depunerile de murd\u0103rie mai vechi, cum ar fi pelicula de ulei \u0219i gr\u0103sime, nicotina \u0219i urmele l\u0103sate de mu\u0219te. Protejeaz\u0103 suprafa\u021ba \u00eempotriva murd\u0103ririi repetate. Creeaz\u0103 un strat anti transpirant pe geamuri \u015fi oglinzi.<\/p>","protected":false},"featured_media":11538,"comment_status":"open","ping_status":"closed","template":"","meta":{"inline_featured_image":false},"product_brand":[],"product_cat":[881],"product_tag":[],"class_list":{"0":"post-11539","1":"product","2":"type-product","3":"status-publish","4":"has-post-thumbnail","6":"product_cat-glutoclean","7":"brands-pufas","8":"types-produse-auxiliare","10":"first","11":"instock","12":"taxable","13":"shipping-taxable","14":"purchasable","15":"product-type-simple"},"jetpack_sharing_enabled":true,"_links":{"self":[{"href":"https:\/\/tapete.ro\/en\/wp-json\/wp\/v2\/product\/11539","targetHints":{"allow":["GET"]}}],"collection":[{"href":"https:\/\/tapete.ro\/en\/wp-json\/wp\/v2\/product"}],"about":[{"href":"https:\/\/tapete.ro\/en\/wp-json\/wp\/v2\/types\/product"}],"replies":[{"embeddable":true,"href":"https:\/\/tapete.ro\/en\/wp-json\/wp\/v2\/comments?post=11539"}],"wp:featuredmedia":[{"embeddable":true,"href":"https:\/\/tapete.ro\/en\/wp-json\/wp\/v2\/media\/11538"}],"wp:attachment":[{"href":"https:\/\/tapete.ro\/en\/wp-json\/wp\/v2\/media?parent=11539"}],"wp:term":[{"taxonomy":"product_brand","embeddable":true,"href":"https:\/\/tapete.ro\/en\/wp-json\/wp\/v2\/product_brand?post=11539"},{"taxonomy":"product_cat","embeddable":true,"href":"https:\/\/tapete.ro\/en\/wp-json\/wp\/v2\/product_cat?post=11539"},{"taxonomy":"product_tag","embeddable":true,"href":"https:\/\/tapete.ro\/en\/wp-json\/wp\/v2\/product_tag?post=11539"}],"curies":[{"name":"wp","href":"https:\/\/api.w.org\/{rel}","templated":true}]}}