{"id":11543,"date":"2021-01-13T13:27:24","date_gmt":"2021-01-13T11:27:24","guid":{"rendered":"https:\/\/tapete.md\/product\/390352-r-solutie-de-curatat-gresia-si-piatra-naturala-acida"},"modified":"2023-09-21T17:33:20","modified_gmt":"2023-09-21T14:33:20","slug":"390352-r-solutie-de-curatat-gresia-si-piatra-naturala-acida","status":"publish","type":"product","link":"https:\/\/tapete.ro\/en\/product\/390352-r-solutie-de-curatat-gresia-si-piatra-naturala-acida\/","title":{"rendered":"390352-R\/035203092 Tile and natural stone cleaning solution \u2013 acid"},"content":{"rendered":"<p>Concentrat pentru suprafe\u021be cu ac\u021biune bl\u00e2nd\u0103 pentru \u00eenl\u0103turarea eficient\u0103 a murd\u0103riilor dure, petelor de calcar, petelor l\u0103sate de urin\u0103 \u0219i ap\u0103, petelor mici de ciment \u0219i rugin\u0103 de pe suprafe\u021be, rezistente la ac\u021biunea acizilor.ConcentratPentru toate suprafe\u0163ele rezistente la acizi din interiorul \u015fi din afara \u00eenc\u0103perilor. Potrivit\u0103 pentru gresie, klinker pentru fa\u021bade, pl\u0103cile ceramice pentru podea, pl\u0103cile din piatr\u0103 natural\u0103 \u0219i rezistente la acizi, suprafe\u021bele din piatr\u0103 natural\u0103, cum sunt tipurile diferite de granit, ardezie, cuar\u021bit, bazalt, crom, o\u021bel \u0219i sticl\u0103 de \u00eenalt\u0103 calitate.Se folose\u0219te \u00een toate blocurile sanitare \u0219i \u00eenc\u0103perile cu nivel de umiditate ridicat, veceurile, bazinele, terasele \u0219i balcoanele.<\/p>","protected":false},"excerpt":{"rendered":"<p>Concentrat pentru suprafe\u021be cu ac\u021biune bl\u00e2nd\u0103 pentru \u00eenl\u0103turarea eficient\u0103 a murd\u0103riilor dure, petelor de calcar, petelor l\u0103sate de urin\u0103 \u0219i ap\u0103, petelor mici de ciment \u0219i rugin\u0103 de pe suprafe\u021be, rezistente la ac\u021biunea acizilor.ConcentratPentru toate suprafe\u0163ele rezistente la acizi din interiorul \u015fi din afara \u00eenc\u0103perilor. Potrivit\u0103 pentru gresie, klinker pentru fa\u021bade, pl\u0103cile ceramice pentru podea, [&hellip;]<\/p>","protected":false},"featured_media":11542,"comment_status":"open","ping_status":"closed","template":"","meta":{"inline_featured_image":false},"product_brand":[],"product_cat":[881],"product_tag":[],"class_list":{"0":"post-11543","1":"product","2":"type-product","3":"status-publish","4":"has-post-thumbnail","6":"product_cat-glutoclean","7":"brands-pufas","8":"types-produse-auxiliare","10":"first","11":"instock","12":"taxable","13":"shipping-taxable","14":"purchasable","15":"product-type-simple"},"jetpack_sharing_enabled":true,"_links":{"self":[{"href":"https:\/\/tapete.ro\/en\/wp-json\/wp\/v2\/product\/11543","targetHints":{"allow":["GET"]}}],"collection":[{"href":"https:\/\/tapete.ro\/en\/wp-json\/wp\/v2\/product"}],"about":[{"href":"https:\/\/tapete.ro\/en\/wp-json\/wp\/v2\/types\/product"}],"replies":[{"embeddable":true,"href":"https:\/\/tapete.ro\/en\/wp-json\/wp\/v2\/comments?post=11543"}],"wp:featuredmedia":[{"embeddable":true,"href":"https:\/\/tapete.ro\/en\/wp-json\/wp\/v2\/media\/11542"}],"wp:attachment":[{"href":"https:\/\/tapete.ro\/en\/wp-json\/wp\/v2\/media?parent=11543"}],"wp:term":[{"taxonomy":"product_brand","embeddable":true,"href":"https:\/\/tapete.ro\/en\/wp-json\/wp\/v2\/product_brand?post=11543"},{"taxonomy":"product_cat","embeddable":true,"href":"https:\/\/tapete.ro\/en\/wp-json\/wp\/v2\/product_cat?post=11543"},{"taxonomy":"product_tag","embeddable":true,"href":"https:\/\/tapete.ro\/en\/wp-json\/wp\/v2\/product_tag?post=11543"}],"curies":[{"name":"wp","href":"https:\/\/api.w.org\/{rel}","templated":true}]}}