{"id":11545,"date":"2021-01-13T13:27:24","date_gmt":"2021-01-13T11:27:24","guid":{"rendered":"https:\/\/tapete.md\/product\/390353-r-solutie-impregnare-pentru-protectia-placilor-din-piatra-naturala"},"modified":"2022-06-13T17:32:18","modified_gmt":"2022-06-13T14:32:18","slug":"390353-r-solutie-impregnare-pentru-protectia-placilor-din-piatra-naturala","status":"publish","type":"product","link":"https:\/\/tapete.ro\/en\/product\/390353-r-solutie-impregnare-pentru-protectia-placilor-din-piatra-naturala\/","title":{"rendered":"390353-R Solu\u021bie impregnare pentru protec\u021bia pl\u0103cilor din piatr\u0103 natural\u0103"},"content":{"rendered":"<p>Se \u00eembib\u0103 \u00een suprafa\u021b\u0103 form\u00e2nd un strat protector, \u0219i o protejeaz\u0103 \u00eempotriva depunerilor de murd\u0103rie \u0219i urmelor de utilizare timp \u00eendelungat. \u00centre\u021binerea suprafe\u021bei prelucrate cu solu\u021bia de impregnare este foarte simpl\u0103, \u0219i ofer\u0103 protec\u021bie \u00eempotriva depunerilor ulterioare de murd\u0103rii cum sunt petele de ulei, gr\u0103simi \u0219i ap\u0103.Pentru toate suprafe\u021bele polizate, mate, \u0219lefuite \u0219i structurate ale pl\u0103cilor din piatr\u0103 natural\u0103 sau gresie ceramic\u0103 din interiorul sau din afara \u00eenc\u0103perilor. Potrivit\u0103 pentru \u00eentre\u021binerea meselor, pere\u021bilor, podelelor \u0219isuprafe\u021belor de lucru. Se poate aplica, de asemenea, pe suprafe\u021be poroase, cum ar fi rosturile pe baz\u0103 de ciment \u00eentre pl\u0103ci.<\/p>","protected":false},"excerpt":{"rendered":"<p>Se \u00eembib\u0103 \u00een suprafa\u021b\u0103 form\u00e2nd un strat protector, \u0219i o protejeaz\u0103 \u00eempotriva depunerilor de murd\u0103rie \u0219i urmelor de utilizare timp \u00eendelungat. \u00centre\u021binerea suprafe\u021bei prelucrate cu solu\u021bia de impregnare este foarte simpl\u0103, \u0219i ofer\u0103 protec\u021bie \u00eempotriva depunerilor ulterioare de murd\u0103rii cum sunt petele de ulei, gr\u0103simi \u0219i ap\u0103.Pentru toate suprafe\u021bele polizate, mate, \u0219lefuite \u0219i structurate ale [&hellip;]<\/p>","protected":false},"featured_media":11544,"comment_status":"open","ping_status":"closed","template":"","meta":{"inline_featured_image":false},"product_brand":[],"product_cat":[881],"product_tag":[],"class_list":{"0":"post-11545","1":"product","2":"type-product","3":"status-publish","4":"has-post-thumbnail","6":"product_cat-glutoclean","7":"brands-pufas","8":"types-produse-auxiliare","10":"first","11":"instock","12":"taxable","13":"shipping-taxable","14":"purchasable","15":"product-type-simple"},"jetpack_sharing_enabled":true,"_links":{"self":[{"href":"https:\/\/tapete.ro\/en\/wp-json\/wp\/v2\/product\/11545","targetHints":{"allow":["GET"]}}],"collection":[{"href":"https:\/\/tapete.ro\/en\/wp-json\/wp\/v2\/product"}],"about":[{"href":"https:\/\/tapete.ro\/en\/wp-json\/wp\/v2\/types\/product"}],"replies":[{"embeddable":true,"href":"https:\/\/tapete.ro\/en\/wp-json\/wp\/v2\/comments?post=11545"}],"wp:featuredmedia":[{"embeddable":true,"href":"https:\/\/tapete.ro\/en\/wp-json\/wp\/v2\/media\/11544"}],"wp:attachment":[{"href":"https:\/\/tapete.ro\/en\/wp-json\/wp\/v2\/media?parent=11545"}],"wp:term":[{"taxonomy":"product_brand","embeddable":true,"href":"https:\/\/tapete.ro\/en\/wp-json\/wp\/v2\/product_brand?post=11545"},{"taxonomy":"product_cat","embeddable":true,"href":"https:\/\/tapete.ro\/en\/wp-json\/wp\/v2\/product_cat?post=11545"},{"taxonomy":"product_tag","embeddable":true,"href":"https:\/\/tapete.ro\/en\/wp-json\/wp\/v2\/product_tag?post=11545"}],"curies":[{"name":"wp","href":"https:\/\/api.w.org\/{rel}","templated":true}]}}