{"id":11547,"date":"2021-01-13T13:27:25","date_gmt":"2021-01-13T11:27:25","guid":{"rendered":"https:\/\/tapete.md\/product\/390354-r-solutie-impregnare-pentru-piatra"},"modified":"2022-06-13T17:32:18","modified_gmt":"2022-06-13T14:32:18","slug":"390354-r-solutie-impregnare-pentru-piatra","status":"publish","type":"product","link":"https:\/\/tapete.ro\/en\/product\/390354-r-solutie-impregnare-pentru-piatra\/","title":{"rendered":"390354-R Solu\u021bie impregnare pentru piatr\u0103"},"content":{"rendered":"<p>Solu\u021bia de impregnare asigur\u0103 o protec\u021bie \u00eendelungat\u0103. Datorit\u0103 stratului de protec\u021bie de un luciu m\u0103t\u0103sos rezistent la ap\u0103 \u0219i la razele ultraviolete suprafa\u021ba devine repulsiv\u0103 fa\u021b\u0103 de murd\u0103rie \u0219i foarte u\u0219or de \u00eengrijit la urm\u0103toarea aplicare. Aspectul, culoarea \u0219i structura pietrei se \u00eembun\u0103t\u0103\u021besc \u0219i se men\u021bin pe timp \u00eendelungat. Stratul protector nu se \u00eeng\u0103lbene\u0219te \u0219i este foarte durabil.Pentru toate suprafe\u021bele cu capacitate de absorb\u021bie din piatr\u0103 natural\u0103 \u0219i artificial\u0103, ca de exemplu beton cu zgur\u0103, beton lavabil, ardezie, marmur\u0103, gresie, Terrazzo, porfir, beton \u0219i alte suprafe\u021be din interiorul \u0219i din afara \u00eenc\u0103perilor.Pentru prelucrarea pardoselilor, sc\u0103rilor, teraselor, balcoanelor \u0219i pervazurilor.<\/p>","protected":false},"excerpt":{"rendered":"<p>Solu\u021bia de impregnare asigur\u0103 o protec\u021bie \u00eendelungat\u0103. Datorit\u0103 stratului de protec\u021bie de un luciu m\u0103t\u0103sos rezistent la ap\u0103 \u0219i la razele ultraviolete suprafa\u021ba devine repulsiv\u0103 fa\u021b\u0103 de murd\u0103rie \u0219i foarte u\u0219or de \u00eengrijit la urm\u0103toarea aplicare. Aspectul, culoarea \u0219i structura pietrei se \u00eembun\u0103t\u0103\u021besc \u0219i se men\u021bin pe timp \u00eendelungat. Stratul protector nu se \u00eeng\u0103lbene\u0219te \u0219i [&hellip;]<\/p>","protected":false},"featured_media":11546,"comment_status":"open","ping_status":"closed","template":"","meta":{"inline_featured_image":false},"product_brand":[],"product_cat":[881],"product_tag":[],"class_list":{"0":"post-11547","1":"product","2":"type-product","3":"status-publish","4":"has-post-thumbnail","6":"product_cat-glutoclean","7":"brands-pufas","8":"types-produse-auxiliare","10":"first","11":"instock","12":"taxable","13":"shipping-taxable","14":"purchasable","15":"product-type-simple"},"jetpack_sharing_enabled":true,"_links":{"self":[{"href":"https:\/\/tapete.ro\/en\/wp-json\/wp\/v2\/product\/11547","targetHints":{"allow":["GET"]}}],"collection":[{"href":"https:\/\/tapete.ro\/en\/wp-json\/wp\/v2\/product"}],"about":[{"href":"https:\/\/tapete.ro\/en\/wp-json\/wp\/v2\/types\/product"}],"replies":[{"embeddable":true,"href":"https:\/\/tapete.ro\/en\/wp-json\/wp\/v2\/comments?post=11547"}],"wp:featuredmedia":[{"embeddable":true,"href":"https:\/\/tapete.ro\/en\/wp-json\/wp\/v2\/media\/11546"}],"wp:attachment":[{"href":"https:\/\/tapete.ro\/en\/wp-json\/wp\/v2\/media?parent=11547"}],"wp:term":[{"taxonomy":"product_brand","embeddable":true,"href":"https:\/\/tapete.ro\/en\/wp-json\/wp\/v2\/product_brand?post=11547"},{"taxonomy":"product_cat","embeddable":true,"href":"https:\/\/tapete.ro\/en\/wp-json\/wp\/v2\/product_cat?post=11547"},{"taxonomy":"product_tag","embeddable":true,"href":"https:\/\/tapete.ro\/en\/wp-json\/wp\/v2\/product_tag?post=11547"}],"curies":[{"name":"wp","href":"https:\/\/api.w.org\/{rel}","templated":true}]}}