{"id":11551,"date":"2021-01-13T13:27:27","date_gmt":"2021-01-13T11:27:27","guid":{"rendered":"https:\/\/tapete.md\/product\/390357-r-solutie-de-impregnare-pentru-marmura-si-granit"},"modified":"2023-06-16T13:31:39","modified_gmt":"2023-06-16T10:31:39","slug":"390357-r-solutie-de-impregnare-pentru-marmura-si-granit","status":"publish","type":"product","link":"https:\/\/tapete.ro\/en\/product\/390357-r-solutie-de-impregnare-pentru-marmura-si-granit\/","title":{"rendered":"390357-R Impregnation solution for marble and granite"},"content":{"rendered":"<p>Solu\u021bie de impregnare special\u0103 pentru protec\u021bia pe termen lung \u00eempotriva petelor de ulei, gr\u0103simi, calcar \u0219i ap\u0103. Reduce penetrarea murd\u0103riilor \u0219i a umezelii facilit\u00e2nd astfel cur\u0103\u021birea \u0219i \u00eengrijirea suprafe\u021belor.Pentru toate suprafe\u021bele din piatr\u0103 natural\u0103 \u0219i artificial\u0103, cu capacitate de absorb\u021bie, polizate,\u00a0\u0219lefuite sau prelucrate cu curent de nisip, prin marmur\u0103 \u0219i granit, calcar, travertin, cuar\u021bit, blocuri de beton \u0219i de nisip, precum \u0219i pentru klinker \u0219i ceramic\u0103 din interiorul \u0219i din afara \u00eenc\u0103perilor. Pentru pardoseli, pere\u021bi, mese, suprafe\u021be de lucru, pervazuri, b\u0103i \u2013 \u00een special din cabinele de du\u0219 \u0219i buc\u0103t\u0103rii, decorate cu gresie. Se aplic\u0103, de asemenea pentru protec\u021bia rosturilor dintre gresie \u0219i \u00eenl\u0103turarea murd\u0103riei de la graffiti.<\/p>","protected":false},"excerpt":{"rendered":"<p>Solu\u021bie de impregnare special\u0103 pentru protec\u021bia pe termen lung \u00eempotriva petelor de ulei, gr\u0103simi, calcar \u0219i ap\u0103. Reduce penetrarea murd\u0103riilor \u0219i a umezelii facilit\u00e2nd astfel cur\u0103\u021birea \u0219i \u00eengrijirea suprafe\u021belor.Pentru toate suprafe\u021bele din piatr\u0103 natural\u0103 \u0219i artificial\u0103, cu capacitate de absorb\u021bie, polizate,\u00a0\u0219lefuite sau prelucrate cu curent de nisip, prin marmur\u0103 \u0219i granit, calcar, travertin, cuar\u021bit, blocuri [&hellip;]<\/p>","protected":false},"featured_media":11550,"comment_status":"open","ping_status":"closed","template":"","meta":{"inline_featured_image":false},"product_brand":[],"product_cat":[881],"product_tag":[],"class_list":{"0":"post-11551","1":"product","2":"type-product","3":"status-publish","4":"has-post-thumbnail","6":"product_cat-glutoclean","7":"brands-pufas","8":"types-produse-auxiliare","10":"first","11":"instock","12":"taxable","13":"shipping-taxable","14":"purchasable","15":"product-type-simple"},"jetpack_sharing_enabled":true,"_links":{"self":[{"href":"https:\/\/tapete.ro\/en\/wp-json\/wp\/v2\/product\/11551","targetHints":{"allow":["GET"]}}],"collection":[{"href":"https:\/\/tapete.ro\/en\/wp-json\/wp\/v2\/product"}],"about":[{"href":"https:\/\/tapete.ro\/en\/wp-json\/wp\/v2\/types\/product"}],"replies":[{"embeddable":true,"href":"https:\/\/tapete.ro\/en\/wp-json\/wp\/v2\/comments?post=11551"}],"wp:featuredmedia":[{"embeddable":true,"href":"https:\/\/tapete.ro\/en\/wp-json\/wp\/v2\/media\/11550"}],"wp:attachment":[{"href":"https:\/\/tapete.ro\/en\/wp-json\/wp\/v2\/media?parent=11551"}],"wp:term":[{"taxonomy":"product_brand","embeddable":true,"href":"https:\/\/tapete.ro\/en\/wp-json\/wp\/v2\/product_brand?post=11551"},{"taxonomy":"product_cat","embeddable":true,"href":"https:\/\/tapete.ro\/en\/wp-json\/wp\/v2\/product_cat?post=11551"},{"taxonomy":"product_tag","embeddable":true,"href":"https:\/\/tapete.ro\/en\/wp-json\/wp\/v2\/product_tag?post=11551"}],"curies":[{"name":"wp","href":"https:\/\/api.w.org\/{rel}","templated":true}]}}