{"id":11555,"date":"2021-01-13T13:27:29","date_gmt":"2021-01-13T11:27:29","guid":{"rendered":"https:\/\/tapete.md\/product\/390361-r-solutie-pentru-suprafete-laminate-si-din-pluta"},"modified":"2023-09-21T17:34:04","modified_gmt":"2023-09-21T14:34:04","slug":"390361-r-solutie-pentru-suprafete-laminate-si-din-pluta","status":"publish","type":"product","link":"https:\/\/tapete.ro\/en\/product\/390361-r-solutie-pentru-suprafete-laminate-si-din-pluta\/","title":{"rendered":"390361-R Solution for laminate and cork surfaces"},"content":{"rendered":"<p>\u00cenl\u0103tur\u0103 cu u\u0219urin\u021b\u0103 murd\u0103ria, urmele de pa\u0219i, tocuri \u0219i t\u0103lpi din cauciuc, precum \u0219i petele unsuroase \u0219i uleioase. Re\u00eemprosp\u0103teaz\u0103 suprafa\u021ba \u0219i men\u021bine aspectul natural al suprafe\u021belor laminate.Pentru toate tipurile de pardoseli laminate din interiorul \u00eenc\u0103perilor. Potrivit\u0103 \u00een special pentru toate tipurile de panouri pentru pere\u021bi \u0219i tavane, precum \u0219i pentru suprafe\u021bele laminate \u0219i parchetul din plut\u0103 cu instalare rapid\u0103.<\/p>","protected":false},"excerpt":{"rendered":"<p>\u00cenl\u0103tur\u0103 cu u\u0219urin\u021b\u0103 murd\u0103ria, urmele de pa\u0219i, tocuri \u0219i t\u0103lpi din cauciuc, precum \u0219i petele unsuroase \u0219i uleioase. Re\u00eemprosp\u0103teaz\u0103 suprafa\u021ba \u0219i men\u021bine aspectul natural al suprafe\u021belor laminate.Pentru toate tipurile de pardoseli laminate din interiorul \u00eenc\u0103perilor. Potrivit\u0103 \u00een special pentru toate tipurile de panouri pentru pere\u021bi \u0219i tavane, precum \u0219i pentru suprafe\u021bele laminate \u0219i parchetul din [&hellip;]<\/p>","protected":false},"featured_media":11554,"comment_status":"open","ping_status":"closed","template":"","meta":{"inline_featured_image":false},"product_brand":[],"product_cat":[881],"product_tag":[],"class_list":{"0":"post-11555","1":"product","2":"type-product","3":"status-publish","4":"has-post-thumbnail","6":"product_cat-glutoclean","7":"brands-pufas","8":"types-produse-auxiliare","10":"first","11":"instock","12":"taxable","13":"shipping-taxable","14":"purchasable","15":"product-type-simple"},"jetpack_sharing_enabled":true,"_links":{"self":[{"href":"https:\/\/tapete.ro\/en\/wp-json\/wp\/v2\/product\/11555","targetHints":{"allow":["GET"]}}],"collection":[{"href":"https:\/\/tapete.ro\/en\/wp-json\/wp\/v2\/product"}],"about":[{"href":"https:\/\/tapete.ro\/en\/wp-json\/wp\/v2\/types\/product"}],"replies":[{"embeddable":true,"href":"https:\/\/tapete.ro\/en\/wp-json\/wp\/v2\/comments?post=11555"}],"wp:featuredmedia":[{"embeddable":true,"href":"https:\/\/tapete.ro\/en\/wp-json\/wp\/v2\/media\/11554"}],"wp:attachment":[{"href":"https:\/\/tapete.ro\/en\/wp-json\/wp\/v2\/media?parent=11555"}],"wp:term":[{"taxonomy":"product_brand","embeddable":true,"href":"https:\/\/tapete.ro\/en\/wp-json\/wp\/v2\/product_brand?post=11555"},{"taxonomy":"product_cat","embeddable":true,"href":"https:\/\/tapete.ro\/en\/wp-json\/wp\/v2\/product_cat?post=11555"},{"taxonomy":"product_tag","embeddable":true,"href":"https:\/\/tapete.ro\/en\/wp-json\/wp\/v2\/product_tag?post=11555"}],"curies":[{"name":"wp","href":"https:\/\/api.w.org\/{rel}","templated":true}]}}