{"id":11557,"date":"2021-01-13T13:27:30","date_gmt":"2021-01-13T11:27:30","guid":{"rendered":"https:\/\/tapete.md\/product\/390362-r-solutie-de-intretinere-a-gresiei"},"modified":"2023-09-21T17:34:12","modified_gmt":"2023-09-21T14:34:12","slug":"390362-r-solutie-de-intretinere-a-gresiei","status":"publish","type":"product","link":"https:\/\/tapete.ro\/en\/product\/390362-r-solutie-de-intretinere-a-gresiei\/","title":{"rendered":"390362-R Solu\u021bie de \u00eentre\u021binere a gresiei"},"content":{"rendered":"<p>Solu\u021bie concentrat pentru cur\u0103\u021barea \u0219i \u00eentre\u021binerea gresiei.La o singur\u0103 aplicare se ob\u021bin dou\u0103 efecte: se \u00eenl\u0103tur\u0103 murd\u0103ria, iar pe suprafa\u021ba prelucrat\u0103 r\u0103m\u00e2n particule, care contribuie la \u00eentre\u021binerea acesteia. La utilizarea solu\u021biei cu regularitate, pe suprafa\u021b\u0103 se formeaz\u0103 un strat potector, care respinge murd\u0103ria, aceasta devenind nereceptiv\u0103 la murd\u0103rie \u0219i mai u\u0219or de \u00eentre\u021binut. \u00cemprosp\u0103teaz\u0103 culoarea suprafe\u021belor. Solu\u021bia nu las\u0103 reziduuri alunecoase. Are un miros pl\u0103cut \u0219i proasp\u0103t.Pentru utilizare regulat\u0103 prin ad\u0103ugarea \u00een ap\u0103, pentru \u00eentre\u021binerea pl\u0103cilor ceramice glazurate \u0219i neglazurate, pl\u0103cilor din argil\u0103 \u0219i de c\u0103r\u0103mid\u0103, podelelor din piatr\u0103 natural\u0103, marmurei polizate, gresiei calcaroase etc.<\/p>","protected":false},"excerpt":{"rendered":"<p>Solu\u021bie concentrat pentru cur\u0103\u021barea \u0219i \u00eentre\u021binerea gresiei.La o singur\u0103 aplicare se ob\u021bin dou\u0103 efecte: se \u00eenl\u0103tur\u0103 murd\u0103ria, iar pe suprafa\u021ba prelucrat\u0103 r\u0103m\u00e2n particule, care contribuie la \u00eentre\u021binerea acesteia. La utilizarea solu\u021biei cu regularitate, pe suprafa\u021b\u0103 se formeaz\u0103 un strat potector, care respinge murd\u0103ria, aceasta devenind nereceptiv\u0103 la murd\u0103rie \u0219i mai u\u0219or de \u00eentre\u021binut. \u00cemprosp\u0103teaz\u0103 culoarea [&hellip;]<\/p>","protected":false},"featured_media":11556,"comment_status":"open","ping_status":"closed","template":"","meta":{"inline_featured_image":false},"product_brand":[],"product_cat":[881],"product_tag":[],"class_list":{"0":"post-11557","1":"product","2":"type-product","3":"status-publish","4":"has-post-thumbnail","6":"product_cat-glutoclean","7":"brands-pufas","8":"types-produse-auxiliare","10":"first","11":"instock","12":"taxable","13":"shipping-taxable","14":"purchasable","15":"product-type-simple"},"jetpack_sharing_enabled":true,"_links":{"self":[{"href":"https:\/\/tapete.ro\/en\/wp-json\/wp\/v2\/product\/11557","targetHints":{"allow":["GET"]}}],"collection":[{"href":"https:\/\/tapete.ro\/en\/wp-json\/wp\/v2\/product"}],"about":[{"href":"https:\/\/tapete.ro\/en\/wp-json\/wp\/v2\/types\/product"}],"replies":[{"embeddable":true,"href":"https:\/\/tapete.ro\/en\/wp-json\/wp\/v2\/comments?post=11557"}],"wp:featuredmedia":[{"embeddable":true,"href":"https:\/\/tapete.ro\/en\/wp-json\/wp\/v2\/media\/11556"}],"wp:attachment":[{"href":"https:\/\/tapete.ro\/en\/wp-json\/wp\/v2\/media?parent=11557"}],"wp:term":[{"taxonomy":"product_brand","embeddable":true,"href":"https:\/\/tapete.ro\/en\/wp-json\/wp\/v2\/product_brand?post=11557"},{"taxonomy":"product_cat","embeddable":true,"href":"https:\/\/tapete.ro\/en\/wp-json\/wp\/v2\/product_cat?post=11557"},{"taxonomy":"product_tag","embeddable":true,"href":"https:\/\/tapete.ro\/en\/wp-json\/wp\/v2\/product_tag?post=11557"}],"curies":[{"name":"wp","href":"https:\/\/api.w.org\/{rel}","templated":true}]}}