{"id":11567,"date":"2021-01-13T13:27:34","date_gmt":"2021-01-13T11:27:34","guid":{"rendered":"https:\/\/tapete.md\/product\/390367-r-solutie-pentru-curatarea-si-intretinerea-otelului-inoxidabil-si-a-cromului"},"modified":"2022-06-13T17:32:24","modified_gmt":"2022-06-13T14:32:24","slug":"390367-r-solutie-pentru-curatarea-si-intretinerea-otelului-inoxidabil-si-a-cromului","status":"publish","type":"product","link":"https:\/\/tapete.ro\/en\/product\/390367-r-solutie-pentru-curatarea-si-intretinerea-otelului-inoxidabil-si-a-cromului\/","title":{"rendered":"390367-R Solution for cleaning and maintenance of stainless steel and chrome"},"content":{"rendered":"<p>Pentru cur\u0103\u021barea \u0219i<br \/>\n\u00eentre\u021binerea tuturor suprafe\u021belor din o\u021bel inoxidabil \u0219i crom. \u00cendep\u0103rteaz\u0103<br \/>\nurmele de utilizare, urmele degetelor, praful, petele de gr\u0103simi \u0219i ap\u0103 \u0219i<br \/>\nformeaz\u0103 o suprafa\u021b\u0103 uniform\u0103, curat\u0103 de o str\u0103lucire mat\u0103. Stratul protector<br \/>\ninvizibil previne depunerile ulterioare de murd\u0103rie, apari\u021bia urmelor degetelor<br \/>\n\u0219i a ruginii, \u0219i mai posed\u0103 un efect hidrofug.<br \/>\nPentru toate suprafe\u021bele din o\u021bel inoxidabil sau crom lustruit, polizat, mat \u0219i<br \/>\nlucios. Potrivit pentru suprafe\u021bele din buc\u0103t\u0103rie \u0219i gospod\u0103ria casnic\u0103, cum<br \/>\nsunt hotele, instrumentele, accesoriile, suprafe\u021bele de lucru, elementele de<br \/>\nmobilier, balustradele \u0219i cutiile po\u0219tale.<\/p>","protected":false},"excerpt":{"rendered":"<p>Pentru cur\u0103\u021barea \u0219i \u00eentre\u021binerea tuturor suprafe\u021belor din o\u021bel inoxidabil \u0219i crom. \u00cendep\u0103rteaz\u0103 urmele de utilizare, urmele degetelor, praful, petele de gr\u0103simi \u0219i ap\u0103 \u0219i formeaz\u0103 o suprafa\u021b\u0103 uniform\u0103, curat\u0103 de o str\u0103lucire mat\u0103. Stratul protector invizibil previne depunerile ulterioare de murd\u0103rie, apari\u021bia urmelor degetelor \u0219i a ruginii, \u0219i mai posed\u0103 un efect hidrofug. Pentru toate [&hellip;]<\/p>","protected":false},"featured_media":11566,"comment_status":"open","ping_status":"closed","template":"","meta":{"inline_featured_image":false},"product_brand":[],"product_cat":[881],"product_tag":[],"class_list":{"0":"post-11567","1":"product","2":"type-product","3":"status-publish","4":"has-post-thumbnail","6":"product_cat-glutoclean","7":"brands-pufas","8":"types-produse-auxiliare","10":"first","11":"instock","12":"taxable","13":"shipping-taxable","14":"purchasable","15":"product-type-simple"},"jetpack_sharing_enabled":true,"_links":{"self":[{"href":"https:\/\/tapete.ro\/en\/wp-json\/wp\/v2\/product\/11567","targetHints":{"allow":["GET"]}}],"collection":[{"href":"https:\/\/tapete.ro\/en\/wp-json\/wp\/v2\/product"}],"about":[{"href":"https:\/\/tapete.ro\/en\/wp-json\/wp\/v2\/types\/product"}],"replies":[{"embeddable":true,"href":"https:\/\/tapete.ro\/en\/wp-json\/wp\/v2\/comments?post=11567"}],"wp:featuredmedia":[{"embeddable":true,"href":"https:\/\/tapete.ro\/en\/wp-json\/wp\/v2\/media\/11566"}],"wp:attachment":[{"href":"https:\/\/tapete.ro\/en\/wp-json\/wp\/v2\/media?parent=11567"}],"wp:term":[{"taxonomy":"product_brand","embeddable":true,"href":"https:\/\/tapete.ro\/en\/wp-json\/wp\/v2\/product_brand?post=11567"},{"taxonomy":"product_cat","embeddable":true,"href":"https:\/\/tapete.ro\/en\/wp-json\/wp\/v2\/product_cat?post=11567"},{"taxonomy":"product_tag","embeddable":true,"href":"https:\/\/tapete.ro\/en\/wp-json\/wp\/v2\/product_tag?post=11567"}],"curies":[{"name":"wp","href":"https:\/\/api.w.org\/{rel}","templated":true}]}}