{"id":11573,"date":"2021-01-13T13:27:36","date_gmt":"2021-01-13T11:27:36","guid":{"rendered":"https:\/\/tapete.md\/product\/390370-r-solutie-pentru-indepartarea-abtibildurilor"},"modified":"2023-09-21T17:35:39","modified_gmt":"2023-09-21T14:35:39","slug":"390370-r-solutie-pentru-indepartarea-abtibildurilor","status":"publish","type":"product","link":"https:\/\/tapete.ro\/en\/product\/390370-r-solutie-pentru-indepartarea-abtibildurilor\/","title":{"rendered":"390370-R Decal removal solution"},"content":{"rendered":"<p>Potrivit\u0103 pentru \u00eendep\u0103rtarea cu u\u0219urin\u021b\u0103 a ab\u021bibildurilor, stickerelor, etichetelor, benzilor adezive \u0219i altor reziduuri adezive. Poate fi folosit\u0103, de asemenea, pentru \u00eendep\u0103rtarea petelor de cerneal\u0103, depunerilor de gr\u0103simi \u0219i ulei, bitum \u0219i funingine. Propice pentru suprafe\u021be din sticl\u0103, plastic, lemn, PVC, piatr\u0103 \u0219i ceramic\u0103.<\/p>","protected":false},"excerpt":{"rendered":"<p>Potrivit\u0103 pentru \u00eendep\u0103rtarea cu u\u0219urin\u021b\u0103 a ab\u021bibildurilor, stickerelor, etichetelor, benzilor adezive \u0219i altor reziduuri adezive. Poate fi folosit\u0103, de asemenea, pentru \u00eendep\u0103rtarea petelor de cerneal\u0103, depunerilor de gr\u0103simi \u0219i ulei, bitum \u0219i funingine. Propice pentru suprafe\u021be din sticl\u0103, plastic, lemn, PVC, piatr\u0103 \u0219i ceramic\u0103.<\/p>","protected":false},"featured_media":11572,"comment_status":"open","ping_status":"closed","template":"","meta":{"inline_featured_image":false},"product_brand":[],"product_cat":[881],"product_tag":[],"class_list":{"0":"post-11573","1":"product","2":"type-product","3":"status-publish","4":"has-post-thumbnail","6":"product_cat-glutoclean","7":"brands-pufas","8":"types-produse-auxiliare","10":"first","11":"instock","12":"taxable","13":"shipping-taxable","14":"purchasable","15":"product-type-simple"},"jetpack_sharing_enabled":true,"_links":{"self":[{"href":"https:\/\/tapete.ro\/en\/wp-json\/wp\/v2\/product\/11573","targetHints":{"allow":["GET"]}}],"collection":[{"href":"https:\/\/tapete.ro\/en\/wp-json\/wp\/v2\/product"}],"about":[{"href":"https:\/\/tapete.ro\/en\/wp-json\/wp\/v2\/types\/product"}],"replies":[{"embeddable":true,"href":"https:\/\/tapete.ro\/en\/wp-json\/wp\/v2\/comments?post=11573"}],"wp:featuredmedia":[{"embeddable":true,"href":"https:\/\/tapete.ro\/en\/wp-json\/wp\/v2\/media\/11572"}],"wp:attachment":[{"href":"https:\/\/tapete.ro\/en\/wp-json\/wp\/v2\/media?parent=11573"}],"wp:term":[{"taxonomy":"product_brand","embeddable":true,"href":"https:\/\/tapete.ro\/en\/wp-json\/wp\/v2\/product_brand?post=11573"},{"taxonomy":"product_cat","embeddable":true,"href":"https:\/\/tapete.ro\/en\/wp-json\/wp\/v2\/product_cat?post=11573"},{"taxonomy":"product_tag","embeddable":true,"href":"https:\/\/tapete.ro\/en\/wp-json\/wp\/v2\/product_tag?post=11573"}],"curies":[{"name":"wp","href":"https:\/\/api.w.org\/{rel}","templated":true}]}}