{"id":11575,"date":"2021-01-13T13:27:37","date_gmt":"2021-01-13T11:27:37","guid":{"rendered":"https:\/\/tapete.md\/product\/390374-r-solutie-pentru-curatarea-cabinelor-de-dus"},"modified":"2023-09-21T17:32:36","modified_gmt":"2023-09-21T14:32:36","slug":"390374-r-solutie-pentru-curatarea-cabinelor-de-dus","status":"publish","type":"product","link":"https:\/\/tapete.ro\/en\/product\/390374-r-solutie-pentru-curatarea-cabinelor-de-dus\/","title":{"rendered":"037402092\/ 390374-R Solution for cleaning shower cabins 750ml"},"content":{"rendered":"<p>Independently and effectively removes soap scum and light limescale from tiles and tiles, tile and tile joints, glass partitions and leaves the surface clean and hygienic. Regular use reduces the formation of new limescale and dirt and provides protection through the water-repellent effect. For shower cabins and partition walls made of plastic, glass, coated glass, organic glass or aluminum. Also suitable for shower curtains.<\/p>","protected":false},"excerpt":{"rendered":"<p>\u00cendep\u0103rteaz\u0103 \u00een mod independent \u0219i eficient depunerile de s\u0103pun\u00a0\u0219i depunerile u\u0219oare de calcar de pe gresie \u0219i faian\u021b\u0103, rosturile de la faian\u021b\u0103\u00a0\u0219i gresie, pere\u021bii desp\u0103r\u021bitori din sticl\u0103 \u0219i las\u0103 suprafa\u021ba curata \u0219i igienic\u0103.Folosirea regulat\u0103 reduce formarea noilor depuneri de calcar \u0219i murd\u0103rie \u0219i\u00a0ofer\u0103 protec\u021bie prin intermediul efectului hidrofug.Pentru cabinele de du\u0219 \u0219i pere\u021bii separatori din [&hellip;]<\/p>","protected":false},"featured_media":11574,"comment_status":"open","ping_status":"closed","template":"","meta":{"inline_featured_image":false},"product_brand":[],"product_cat":[881],"product_tag":[],"class_list":{"0":"post-11575","1":"product","2":"type-product","3":"status-publish","4":"has-post-thumbnail","6":"product_cat-glutoclean","7":"brands-pufas","8":"types-produse-auxiliare","10":"first","11":"instock","12":"taxable","13":"shipping-taxable","14":"purchasable","15":"product-type-simple"},"jetpack_sharing_enabled":true,"_links":{"self":[{"href":"https:\/\/tapete.ro\/en\/wp-json\/wp\/v2\/product\/11575","targetHints":{"allow":["GET"]}}],"collection":[{"href":"https:\/\/tapete.ro\/en\/wp-json\/wp\/v2\/product"}],"about":[{"href":"https:\/\/tapete.ro\/en\/wp-json\/wp\/v2\/types\/product"}],"replies":[{"embeddable":true,"href":"https:\/\/tapete.ro\/en\/wp-json\/wp\/v2\/comments?post=11575"}],"wp:featuredmedia":[{"embeddable":true,"href":"https:\/\/tapete.ro\/en\/wp-json\/wp\/v2\/media\/11574"}],"wp:attachment":[{"href":"https:\/\/tapete.ro\/en\/wp-json\/wp\/v2\/media?parent=11575"}],"wp:term":[{"taxonomy":"product_brand","embeddable":true,"href":"https:\/\/tapete.ro\/en\/wp-json\/wp\/v2\/product_brand?post=11575"},{"taxonomy":"product_cat","embeddable":true,"href":"https:\/\/tapete.ro\/en\/wp-json\/wp\/v2\/product_cat?post=11575"},{"taxonomy":"product_tag","embeddable":true,"href":"https:\/\/tapete.ro\/en\/wp-json\/wp\/v2\/product_tag?post=11575"}],"curies":[{"name":"wp","href":"https:\/\/api.w.org\/{rel}","templated":true}]}}