{"id":11577,"date":"2021-01-13T13:27:37","date_gmt":"2021-01-13T11:27:37","guid":{"rendered":"https:\/\/tapete.md\/product\/390376-r-solutie-de-eliminare-a-depunerilor-de-urina-si-calcar"},"modified":"2023-09-22T10:13:53","modified_gmt":"2023-09-22T07:13:53","slug":"390376-r-solutie-de-eliminare-a-depunerilor-de-urina-si-calcar","status":"publish","type":"product","link":"https:\/\/tapete.ro\/en\/product\/390376-r-solutie-de-eliminare-a-depunerilor-de-urina-si-calcar\/","title":{"rendered":"390376-R Solution for removing urine and lime deposits"},"content":{"rendered":"<p>\u00cendep\u0103rteaz\u0103 eficient depunerile de urin\u0103, de calcar, reziduurile de s\u0103pun,<br \/>\npetele de rugin\u0103 precum \u0219i alte murd\u0103rii dure \u0219i depuneri pe instala\u021biile<br \/>\nsanitare.<br \/>\nPotrivit\u0103 pentru toate suprafe\u021bele rezistente la acizi din domeniul<br \/>\ninstala\u021biilor sanitare ca vasele de closet, pisoarele, bideurile sau sistemele<br \/>\nde scurgere, precum \u0219i parti\u021biile de du\u0219 \u0219i c\u0103zile de baie.<\/p>","protected":false},"excerpt":{"rendered":"<p>Effectively removes urine deposits, limescale, soap residue, rust stains as well as other hard dirt and deposits on sanitary installations. Suitable for all acid-resistant surfaces in sanitary installations such as toilet bowls, urinals, bidets or drain systems, as well as shower partitions and bathtubs.<\/p>","protected":false},"featured_media":11576,"comment_status":"open","ping_status":"closed","template":"","meta":{"inline_featured_image":false},"product_brand":[],"product_cat":[881],"product_tag":[],"class_list":{"0":"post-11577","1":"product","2":"type-product","3":"status-publish","4":"has-post-thumbnail","6":"product_cat-glutoclean","7":"brands-pufas","8":"types-produse-auxiliare","10":"first","11":"instock","12":"taxable","13":"shipping-taxable","14":"purchasable","15":"product-type-simple"},"jetpack_sharing_enabled":true,"_links":{"self":[{"href":"https:\/\/tapete.ro\/en\/wp-json\/wp\/v2\/product\/11577","targetHints":{"allow":["GET"]}}],"collection":[{"href":"https:\/\/tapete.ro\/en\/wp-json\/wp\/v2\/product"}],"about":[{"href":"https:\/\/tapete.ro\/en\/wp-json\/wp\/v2\/types\/product"}],"replies":[{"embeddable":true,"href":"https:\/\/tapete.ro\/en\/wp-json\/wp\/v2\/comments?post=11577"}],"wp:featuredmedia":[{"embeddable":true,"href":"https:\/\/tapete.ro\/en\/wp-json\/wp\/v2\/media\/11576"}],"wp:attachment":[{"href":"https:\/\/tapete.ro\/en\/wp-json\/wp\/v2\/media?parent=11577"}],"wp:term":[{"taxonomy":"product_brand","embeddable":true,"href":"https:\/\/tapete.ro\/en\/wp-json\/wp\/v2\/product_brand?post=11577"},{"taxonomy":"product_cat","embeddable":true,"href":"https:\/\/tapete.ro\/en\/wp-json\/wp\/v2\/product_cat?post=11577"},{"taxonomy":"product_tag","embeddable":true,"href":"https:\/\/tapete.ro\/en\/wp-json\/wp\/v2\/product_tag?post=11577"}],"curies":[{"name":"wp","href":"https:\/\/api.w.org\/{rel}","templated":true}]}}