{"id":11581,"date":"2021-01-13T13:27:39","date_gmt":"2021-01-13T11:27:39","guid":{"rendered":"https:\/\/tapete.md\/product\/390379-r-solutie-de-indepartare-a-depunerilor-de-ciment"},"modified":"2023-09-21T17:30:49","modified_gmt":"2023-09-21T14:30:49","slug":"390379-r-solutie-de-indepartare-a-depunerilor-de-ciment","status":"publish","type":"product","link":"https:\/\/tapete.ro\/en\/product\/390379-r-solutie-de-indepartare-a-depunerilor-de-ciment\/","title":{"rendered":"390379-R Cement deposit removal solution"},"content":{"rendered":"<p>For the fast and trouble-free removal of cement deposits, concrete residues and construction mortar, lime deposits, efflorescence and dirt\/inorganic matter. Ideal for final cleaning of construction sites. For use on all acid-resistant surfaces, such as ceramic tiles on walls and floors, facade tiles, natural stone tiles, brick, clay and cotto surfaces, slate, quartz, and natural stones that do not contain lime, such as it is granite.<\/p>","protected":false},"excerpt":{"rendered":"<p>Pentru \u00eendep\u0103rtarea rapid\u0103 \u0219i f\u0103r\u0103 probleme a depunerilor de ciment, reziduurilor de beton \u0219i mortarului de construc\u021bii, depunerilor de calcar, eflorescen\u021belor \u0219i murd\u0103riilor\/materiei anorganice.Ideal pentru cur\u0103\u021barea final\u0103 a \u0219antierelor de construc\u021bie. Pentru utilizare pe toate suprafe\u021bele rezistente la acizi, ca gresia ceramic\u0103 de pe pere\u021bi \u0219i pardoseli, pl\u0103cile de fa\u021bad\u0103, pl\u0103cile din piatr\u0103 natural\u0103, suprafe\u021bele [&hellip;]<\/p>","protected":false},"featured_media":11580,"comment_status":"open","ping_status":"closed","template":"","meta":{"inline_featured_image":false},"product_brand":[],"product_cat":[881],"product_tag":[],"class_list":{"0":"post-11581","1":"product","2":"type-product","3":"status-publish","4":"has-post-thumbnail","6":"product_cat-glutoclean","7":"brands-pufas","8":"types-produse-auxiliare","10":"first","11":"instock","12":"taxable","13":"shipping-taxable","14":"purchasable","15":"product-type-simple"},"jetpack_sharing_enabled":true,"_links":{"self":[{"href":"https:\/\/tapete.ro\/en\/wp-json\/wp\/v2\/product\/11581","targetHints":{"allow":["GET"]}}],"collection":[{"href":"https:\/\/tapete.ro\/en\/wp-json\/wp\/v2\/product"}],"about":[{"href":"https:\/\/tapete.ro\/en\/wp-json\/wp\/v2\/types\/product"}],"replies":[{"embeddable":true,"href":"https:\/\/tapete.ro\/en\/wp-json\/wp\/v2\/comments?post=11581"}],"wp:featuredmedia":[{"embeddable":true,"href":"https:\/\/tapete.ro\/en\/wp-json\/wp\/v2\/media\/11580"}],"wp:attachment":[{"href":"https:\/\/tapete.ro\/en\/wp-json\/wp\/v2\/media?parent=11581"}],"wp:term":[{"taxonomy":"product_brand","embeddable":true,"href":"https:\/\/tapete.ro\/en\/wp-json\/wp\/v2\/product_brand?post=11581"},{"taxonomy":"product_cat","embeddable":true,"href":"https:\/\/tapete.ro\/en\/wp-json\/wp\/v2\/product_cat?post=11581"},{"taxonomy":"product_tag","embeddable":true,"href":"https:\/\/tapete.ro\/en\/wp-json\/wp\/v2\/product_tag?post=11581"}],"curies":[{"name":"wp","href":"https:\/\/api.w.org\/{rel}","templated":true}]}}