{"id":11583,"date":"2021-01-13T13:27:40","date_gmt":"2021-01-13T11:27:40","guid":{"rendered":"https:\/\/tapete.md\/product\/390384-r-solutie-spray-de-protectie-impotriva-mucegaiului"},"modified":"2023-09-21T17:31:08","modified_gmt":"2023-09-21T14:31:08","slug":"390384-r-solutie-spray-de-protectie-impotriva-mucegaiului","status":"publish","type":"product","link":"https:\/\/tapete.ro\/en\/product\/390384-r-solutie-spray-de-protectie-impotriva-mucegaiului\/","title":{"rendered":"390384-R Mold protection spray solution"},"content":{"rendered":"<p>Solu\u021bie transparent\u0103 de impregnare pentru protec\u021bia suprafe\u021belor predispuse<br \/>\nla apari\u021bia mucegaiului. Stratul protector invizibil care se men\u021bine pe o<br \/>\nperioad\u0103 mai \u00eendelungat\u0103 protejeaz\u0103 suprafa\u021ba \u00eempotriva apari\u021biei mucegaiului<br \/>\n\u0219i spore\u0219te umiditatea bazei.\u00a0\u00a0<\/p>","protected":false},"excerpt":{"rendered":"<p>Transparent impregnation solution for the protection of surfaces prone to the appearance of mold. The invisible protective layer that lasts for a longer period protects the surface against the appearance of mold and increases the humidity of the base.\u00a0\u00a0<\/p>","protected":false},"featured_media":11582,"comment_status":"open","ping_status":"closed","template":"","meta":{"inline_featured_image":false},"product_brand":[],"product_cat":[881],"product_tag":[],"class_list":{"0":"post-11583","1":"product","2":"type-product","3":"status-publish","4":"has-post-thumbnail","6":"product_cat-glutoclean","7":"brands-pufas","8":"types-produse-auxiliare","10":"first","11":"instock","12":"taxable","13":"shipping-taxable","14":"purchasable","15":"product-type-simple"},"jetpack_sharing_enabled":true,"_links":{"self":[{"href":"https:\/\/tapete.ro\/en\/wp-json\/wp\/v2\/product\/11583","targetHints":{"allow":["GET"]}}],"collection":[{"href":"https:\/\/tapete.ro\/en\/wp-json\/wp\/v2\/product"}],"about":[{"href":"https:\/\/tapete.ro\/en\/wp-json\/wp\/v2\/types\/product"}],"replies":[{"embeddable":true,"href":"https:\/\/tapete.ro\/en\/wp-json\/wp\/v2\/comments?post=11583"}],"wp:featuredmedia":[{"embeddable":true,"href":"https:\/\/tapete.ro\/en\/wp-json\/wp\/v2\/media\/11582"}],"wp:attachment":[{"href":"https:\/\/tapete.ro\/en\/wp-json\/wp\/v2\/media?parent=11583"}],"wp:term":[{"taxonomy":"product_brand","embeddable":true,"href":"https:\/\/tapete.ro\/en\/wp-json\/wp\/v2\/product_brand?post=11583"},{"taxonomy":"product_cat","embeddable":true,"href":"https:\/\/tapete.ro\/en\/wp-json\/wp\/v2\/product_cat?post=11583"},{"taxonomy":"product_tag","embeddable":true,"href":"https:\/\/tapete.ro\/en\/wp-json\/wp\/v2\/product_tag?post=11583"}],"curies":[{"name":"wp","href":"https:\/\/api.w.org\/{rel}","templated":true}]}}