{"id":11585,"date":"2021-01-13T13:27:41","date_gmt":"2021-01-13T11:27:41","guid":{"rendered":"https:\/\/tapete.md\/product\/390386-r-solutie-pentru-indepartarea-mucegaiului-nu-contine-clor"},"modified":"2023-09-21T17:32:14","modified_gmt":"2023-09-21T14:32:14","slug":"390386-r-solutie-pentru-indepartarea-mucegaiului-nu-contine-clor","status":"publish","type":"product","link":"https:\/\/tapete.ro\/en\/product\/390386-r-solutie-pentru-indepartarea-mucegaiului-nu-contine-clor\/","title":{"rendered":"390386-R Solu\u0163ie pentru \u00eendep\u0103rtarea mucegaiului \u2013 nu con\u021bine clor"},"content":{"rendered":"<p>Pentru \u00eendep\u0103rtarea<br \/>\nf\u0103r\u0103 probleme a mucegaiului \u0219i ciupercilor din toate \u00eenc\u0103perile locative. Este<br \/>\nfoarte eficient\u0103 \u0219i ac\u021bioneaz\u0103 pe o perioad\u0103 mai \u00eendelungat\u0103 datorit\u0103 at\u00e2t<br \/>\noxigenului activ c\u00e2t \u0219i structurii sale gelatinoase. Ac\u021biunea f\u0103r\u0103 clor dezinfecteaz\u0103<br \/>\n\u0219i posed\u0103 un miros neutru. Potrivit, de asemenea pentru perdelele pentru du\u0219 \u0219i<br \/>\nparti\u021biile de du\u0219.<br \/>\nF\u0103r\u0103 con\u021binut de clor \u0219i f\u0103r\u0103 miros; de aceea se recomand\u0103 \u00een special pentru<br \/>\nutilizare \u00een dormitoare, camerele copiilor, precum \u0219i \u00een celelate \u00eenc\u0103peri<br \/>\nlocative, buc\u0103t\u0103rii, debarale, dulapuri \u0219i frigidere.Pentru lupta \u00eempotriva<br \/>\nmucegaiului de pe tapete, lemn, tencuial\u0103, zid\u0103riile de piatr\u0103, piatr\u0103,<br \/>\nceramic\u0103, plastic, piele \u0219i \u021bes\u0103turi.<\/p>","protected":false},"excerpt":{"rendered":"<p>Pentru \u00eendep\u0103rtarea f\u0103r\u0103 probleme a mucegaiului \u0219i ciupercilor din toate \u00eenc\u0103perile locative. Este foarte eficient\u0103 \u0219i ac\u021bioneaz\u0103 pe o perioad\u0103 mai \u00eendelungat\u0103 datorit\u0103 at\u00e2t oxigenului activ c\u00e2t \u0219i structurii sale gelatinoase. Ac\u021biunea f\u0103r\u0103 clor dezinfecteaz\u0103 \u0219i posed\u0103 un miros neutru. Potrivit, de asemenea pentru perdelele pentru du\u0219 \u0219i parti\u021biile de du\u0219. F\u0103r\u0103 con\u021binut de clor [&hellip;]<\/p>","protected":false},"featured_media":11584,"comment_status":"open","ping_status":"closed","template":"","meta":{"inline_featured_image":false},"product_brand":[],"product_cat":[881],"product_tag":[],"class_list":{"0":"post-11585","1":"product","2":"type-product","3":"status-publish","4":"has-post-thumbnail","6":"product_cat-glutoclean","7":"brands-pufas","8":"types-produse-auxiliare","10":"first","11":"instock","12":"sold-individually","13":"taxable","14":"shipping-taxable","15":"purchasable","16":"product-type-simple"},"jetpack_sharing_enabled":true,"_links":{"self":[{"href":"https:\/\/tapete.ro\/en\/wp-json\/wp\/v2\/product\/11585","targetHints":{"allow":["GET"]}}],"collection":[{"href":"https:\/\/tapete.ro\/en\/wp-json\/wp\/v2\/product"}],"about":[{"href":"https:\/\/tapete.ro\/en\/wp-json\/wp\/v2\/types\/product"}],"replies":[{"embeddable":true,"href":"https:\/\/tapete.ro\/en\/wp-json\/wp\/v2\/comments?post=11585"}],"wp:featuredmedia":[{"embeddable":true,"href":"https:\/\/tapete.ro\/en\/wp-json\/wp\/v2\/media\/11584"}],"wp:attachment":[{"href":"https:\/\/tapete.ro\/en\/wp-json\/wp\/v2\/media?parent=11585"}],"wp:term":[{"taxonomy":"product_brand","embeddable":true,"href":"https:\/\/tapete.ro\/en\/wp-json\/wp\/v2\/product_brand?post=11585"},{"taxonomy":"product_cat","embeddable":true,"href":"https:\/\/tapete.ro\/en\/wp-json\/wp\/v2\/product_cat?post=11585"},{"taxonomy":"product_tag","embeddable":true,"href":"https:\/\/tapete.ro\/en\/wp-json\/wp\/v2\/product_tag?post=11585"}],"curies":[{"name":"wp","href":"https:\/\/api.w.org\/{rel}","templated":true}]}}