{"id":11589,"date":"2021-01-13T13:27:43","date_gmt":"2021-01-13T11:27:43","guid":{"rendered":"https:\/\/tapete.md\/product\/390388-r-spray-dezinfectant"},"modified":"2023-09-21T17:31:30","modified_gmt":"2023-09-21T14:31:30","slug":"390388-r-spray-dezinfectant","status":"publish","type":"product","link":"https:\/\/tapete.ro\/en\/product\/390388-r-spray-dezinfectant\/","title":{"rendered":"390388-R Disinfectant spray"},"content":{"rendered":"<p class=\"translation-block\">Dezinfecteaz\u0103 \u0219i cur\u0103\u021b\u0103 suprafe\u021bele. \u00cenl\u0103tur\u0103 pe termen lung<br>\r\nbacteriile, mucegaiul, viru\u0219ii, ciupercile, agen\u021bii patogeni, precum \u0219i<br>\r\nmurd\u0103ria.Atunci c\u00e2nd este aplicat \u00een mod regulat, de asemenea, ac\u021bioneaz\u0103 \u00eempotriva<br>\r\napari\u021biei mucegaiului \u0219i ciupercilor.Pe toate suprafe\u021bele lavabile din b\u0103i, veceuri, buc\u0103t\u0103rii,<br>\r\n\u00eenc\u0103perile de locuit, camerele copiilor \u0219i dormitoare. Pe suprafe\u021bele de lucru<br>\r\ndin buc\u0103t\u0103rie, care periodic vin \u00een contact cu produsele alimentare, cum sunt<br>\r\nmesele pentru g\u0103tit, c\u0103ld\u0103rile de gunoi, frigiderele, cuptoarele cu microunde,<br>\r\ndulapurile. \u00cen b\u0103i \u0219i veceuri: pentru vasele de closet, scaunele pentru closet,<br>\r\nbutoanele de scurgere a apei, robinete, m\u00e2nerele u\u0219ilor, baie, cabine de du\u0219,<br>\r\nperdele de du\u0219, stropitoarele pentru du\u0219. Potrivit, de asemenea, pentru cu\u0219tile<br>\r\nde animale, t\u0103vi\u021bele toalet\u0103 pentru pisici, paturile pentru c\u00e2ini \u0219i treuci. Se<br>\r\npoate aplica pe \u00eenc\u0103l\u021b\u0103minte, mobil\u0103, gresie \u0219i pardoseal\u0103. Previne \u0219i \u00eenl\u0103tur\u0103<br>\r\nmirosul nepl\u0103cut din g\u0103urile de scurgere.<\/p>\n<p><iframe loading=\"lazy\" title=\"Glutoclean Hygiene Spray   \u0414\u0435\u0437\u0438\u043d\u0444\u0438\u0446\u0438\u0440\u0443\u044e\u0449\u0438\u0439 \u043e\u0447\u0438\u0441\u0442\u0438\u0442\u0435\u043b\u044c\" width=\"1240\" height=\"698\" src=\"https:\/\/www.youtube.com\/embed\/Hni-B16CJt0?feature=oembed\" frameborder=\"0\" allow=\"accelerometer; autoplay; clipboard-write; encrypted-media; gyroscope; picture-in-picture\" allowfullscreen><\/iframe><\/p>\n<p>&nbsp;<\/p>","protected":false},"excerpt":{"rendered":"<p>Dezinfecteaz\u0103 \u0219i cur\u0103\u021b\u0103 suprafe\u021bele. \u00cenl\u0103tur\u0103 pe termen lung bacteriile, mucegaiul, viru\u0219ii, ciupercile, agen\u021bii patogeni, precum \u0219i murd\u0103ria.Atunci c\u00e2nd este aplicat \u00een mod regulat, de asemenea, ac\u021bioneaz\u0103 \u00eempotriva apari\u021biei mucegaiului \u0219i ciupercilor.Pe toate suprafe\u021bele lavabile din b\u0103i, veceuri, buc\u0103t\u0103rii, \u00eenc\u0103perile de locuit, camerele copiilor \u0219i dormitoare. Pe suprafe\u021bele de lucru din buc\u0103t\u0103rie, care periodic vin \u00een [&hellip;]<\/p>","protected":false},"featured_media":11588,"comment_status":"open","ping_status":"closed","template":"","meta":{"inline_featured_image":false},"product_brand":[],"product_cat":[881],"product_tag":[],"class_list":{"0":"post-11589","1":"product","2":"type-product","3":"status-publish","4":"has-post-thumbnail","6":"product_cat-glutoclean","7":"brands-pufas","8":"types-produse-auxiliare","10":"first","11":"instock","12":"taxable","13":"shipping-taxable","14":"purchasable","15":"product-type-simple"},"jetpack_sharing_enabled":true,"_links":{"self":[{"href":"https:\/\/tapete.ro\/en\/wp-json\/wp\/v2\/product\/11589","targetHints":{"allow":["GET"]}}],"collection":[{"href":"https:\/\/tapete.ro\/en\/wp-json\/wp\/v2\/product"}],"about":[{"href":"https:\/\/tapete.ro\/en\/wp-json\/wp\/v2\/types\/product"}],"replies":[{"embeddable":true,"href":"https:\/\/tapete.ro\/en\/wp-json\/wp\/v2\/comments?post=11589"}],"wp:featuredmedia":[{"embeddable":true,"href":"https:\/\/tapete.ro\/en\/wp-json\/wp\/v2\/media\/11588"}],"wp:attachment":[{"href":"https:\/\/tapete.ro\/en\/wp-json\/wp\/v2\/media?parent=11589"}],"wp:term":[{"taxonomy":"product_brand","embeddable":true,"href":"https:\/\/tapete.ro\/en\/wp-json\/wp\/v2\/product_brand?post=11589"},{"taxonomy":"product_cat","embeddable":true,"href":"https:\/\/tapete.ro\/en\/wp-json\/wp\/v2\/product_cat?post=11589"},{"taxonomy":"product_tag","embeddable":true,"href":"https:\/\/tapete.ro\/en\/wp-json\/wp\/v2\/product_tag?post=11589"}],"curies":[{"name":"wp","href":"https:\/\/api.w.org\/{rel}","templated":true}]}}