{"id":11593,"date":"2021-01-13T13:27:44","date_gmt":"2021-01-13T11:27:44","guid":{"rendered":"https:\/\/tapete.md\/product\/390391-r-solutie-pentru-curatarea-covoarelor-si-mobilei-moi"},"modified":"2023-09-17T12:20:37","modified_gmt":"2023-09-17T09:20:37","slug":"390391-r-solutie-pentru-curatarea-covoarelor-si-mobilei-moi","status":"publish","type":"product","link":"https:\/\/tapete.ro\/en\/product\/390391-r-solutie-pentru-curatarea-covoarelor-si-mobilei-moi\/","title":{"rendered":"390391-R Solution for cleaning carpets and soft furniture 750ml"},"content":{"rendered":"<p>The universal cleaning solution penetrates deep into the fibers and yet does not damage the surface; easily removes dirt and solution deposits, which leave traces. It also removes annoying and unpleasant odors, freshening carpets and soft furnishings. Suitable for carpets and rugs made of synthetic fibers, soft furniture, as well as carpets made of colored textiles and crossbars, floor mats in car interiors.<\/p>","protected":false},"excerpt":{"rendered":"<p>Solu\u021bia universal\u0103 pentru cur\u0103\u021bare p\u0103trunde ad\u00e2nc \u00een fibre \u0219i cu toate acestea nu deterioreaz\u0103 suprafa\u021ba; \u00eenl\u0103tur\u0103 cu u\u0219urin\u021b\u0103 depunerile de murd\u0103rie \u0219i solu\u021bie, care las\u0103 urme. \u00cendep\u0103rteaz\u0103, de asemenea, mirosurile sup\u0103r\u0103toare \u0219i nepl\u0103cute, \u00eemprosp\u0103t\u00e2nd covoarele \u0219i mobila moale.Potrivit pentru covoarele \u0219i mochetele din fibre sintetice, mobila moale, precum \u0219i pentru covoarele din materiale textile colorate [&hellip;]<\/p>","protected":false},"featured_media":11592,"comment_status":"open","ping_status":"closed","template":"","meta":{"inline_featured_image":false},"product_brand":[],"product_cat":[881],"product_tag":[],"class_list":{"0":"post-11593","1":"product","2":"type-product","3":"status-publish","4":"has-post-thumbnail","6":"product_cat-glutoclean","7":"brands-pufas","8":"types-produse-auxiliare","10":"first","11":"instock","12":"taxable","13":"shipping-taxable","14":"purchasable","15":"product-type-simple"},"jetpack_sharing_enabled":true,"_links":{"self":[{"href":"https:\/\/tapete.ro\/en\/wp-json\/wp\/v2\/product\/11593","targetHints":{"allow":["GET"]}}],"collection":[{"href":"https:\/\/tapete.ro\/en\/wp-json\/wp\/v2\/product"}],"about":[{"href":"https:\/\/tapete.ro\/en\/wp-json\/wp\/v2\/types\/product"}],"replies":[{"embeddable":true,"href":"https:\/\/tapete.ro\/en\/wp-json\/wp\/v2\/comments?post=11593"}],"wp:featuredmedia":[{"embeddable":true,"href":"https:\/\/tapete.ro\/en\/wp-json\/wp\/v2\/media\/11592"}],"wp:attachment":[{"href":"https:\/\/tapete.ro\/en\/wp-json\/wp\/v2\/media?parent=11593"}],"wp:term":[{"taxonomy":"product_brand","embeddable":true,"href":"https:\/\/tapete.ro\/en\/wp-json\/wp\/v2\/product_brand?post=11593"},{"taxonomy":"product_cat","embeddable":true,"href":"https:\/\/tapete.ro\/en\/wp-json\/wp\/v2\/product_cat?post=11593"},{"taxonomy":"product_tag","embeddable":true,"href":"https:\/\/tapete.ro\/en\/wp-json\/wp\/v2\/product_tag?post=11593"}],"curies":[{"name":"wp","href":"https:\/\/api.w.org\/{rel}","templated":true}]}}