{"id":15261,"date":"2022-04-09T16:26:02","date_gmt":"2022-04-09T13:26:02","guid":{"rendered":"https:\/\/tapete.md\/?post_type=product&#038;p=15261"},"modified":"2025-05-20T12:22:50","modified_gmt":"2025-05-20T09:22:50","slug":"165814","status":"publish","type":"product","link":"https:\/\/tapete.ro\/en\/product\/165814\/","title":{"rendered":"165814"},"content":{"rendered":"<p>Background wallpaper without structure, ideal for attics and walls.<\/p>\n<p>Densitate 150g\/m2<\/p>","protected":false},"excerpt":{"rendered":"<p>Tapet fon f\u0103r\u0103 structur\u0103, ideal pentru pod si pere\u021bi. Densitate 150g\/m2<\/p>","protected":false},"featured_media":15266,"comment_status":"open","ping_status":"closed","template":"","meta":{"inline_featured_image":false},"product_brand":[],"product_cat":[470],"product_tag":[],"class_list":{"0":"post-15261","1":"product","2":"type-product","3":"status-publish","4":"has-post-thumbnail","6":"product_cat-wallton","7":"pa_culoare-alb","8":"pa_desen-uniton","9":"pa_desen-tapet-modern","10":"pa_latime-tapet-1-06m","11":"pa_lungime-tapet-25m","12":"pa_material-vlies","13":"pa_suport-baza-vlies-fibre-netesute-2","14":"pa_utilizare-living","15":"pa_utilizare-oficiu-birou","16":"pa_utilizare-dormitor","17":"pa_utilizare-antreu-hol","18":"symbols-good-light-fastness","19":"symbols-without-pattern-selection","20":"symbols-full-removing","21":"symbols-wall-glue","22":"symbols-lavabil","23":"brands-rasch-tapeten","24":"types-tapete","26":"first","27":"instock","28":"taxable","29":"shipping-taxable","30":"purchasable","31":"product-type-simple"},"jetpack_sharing_enabled":true,"_links":{"self":[{"href":"https:\/\/tapete.ro\/en\/wp-json\/wp\/v2\/product\/15261","targetHints":{"allow":["GET"]}}],"collection":[{"href":"https:\/\/tapete.ro\/en\/wp-json\/wp\/v2\/product"}],"about":[{"href":"https:\/\/tapete.ro\/en\/wp-json\/wp\/v2\/types\/product"}],"replies":[{"embeddable":true,"href":"https:\/\/tapete.ro\/en\/wp-json\/wp\/v2\/comments?post=15261"}],"wp:featuredmedia":[{"embeddable":true,"href":"https:\/\/tapete.ro\/en\/wp-json\/wp\/v2\/media\/15266"}],"wp:attachment":[{"href":"https:\/\/tapete.ro\/en\/wp-json\/wp\/v2\/media?parent=15261"}],"wp:term":[{"taxonomy":"product_brand","embeddable":true,"href":"https:\/\/tapete.ro\/en\/wp-json\/wp\/v2\/product_brand?post=15261"},{"taxonomy":"product_cat","embeddable":true,"href":"https:\/\/tapete.ro\/en\/wp-json\/wp\/v2\/product_cat?post=15261"},{"taxonomy":"product_tag","embeddable":true,"href":"https:\/\/tapete.ro\/en\/wp-json\/wp\/v2\/product_tag?post=15261"}],"curies":[{"name":"wp","href":"https:\/\/api.w.org\/{rel}","templated":true}]}}